{"id":86,"date":"2014-11-05T17:52:09","date_gmt":"2014-11-05T15:52:09","guid":{"rendered":"http:\/\/srv1636.omansrv16.omanbros.com\/?page_id=86"},"modified":"2019-11-26T17:59:17","modified_gmt":"2019-11-26T15:59:17","slug":"eltern-saeuglings-psychotherapie","status":"publish","type":"page","link":"https:\/\/psychotherapie-felsberger.at\/?page_id=86","title":{"rendered":"Eltern-S\u00e4uglings-Psychotherapie"},"content":{"rendered":"<h1>Eltern-S\u00e4uglings-Psychotherapie<\/h1>\n<div id=\"attachment_103\" style=\"width: 210px\" class=\"wp-caption alignright\"><a href=\"\/wp-content\/uploads\/2014\/11\/M15.jpg\"><img loading=\"lazy\" decoding=\"async\" aria-describedby=\"caption-attachment-103\" class=\"wp-image-103 size-medium\" title=\"Copyright by Isabel Urban\" src=\"https:\/\/psychotherapie-felsberger.at\/wp-content\/uploads\/2014\/11\/M15-200x300.jpg\" alt=\"Mutter mit Kind\" width=\"200\" height=\"300\" srcset=\"https:\/\/psychotherapie-felsberger.at\/wp-content\/uploads\/2014\/11\/M15-200x300.jpg 200w, https:\/\/psychotherapie-felsberger.at\/wp-content\/uploads\/2014\/11\/M15-682x1024.jpg 682w, https:\/\/psychotherapie-felsberger.at\/wp-content\/uploads\/2014\/11\/M15.jpg 1000w\" sizes=\"auto, (max-width: 200px) 100vw, 200px\" \/><\/a><p id=\"caption-attachment-103\" class=\"wp-caption-text\">Copyright by Isabel Urban<\/p><\/div>\n<p>Die Zeit vor und nach der Geburt eines Kindes bedeutet f\u00fcr alle Beteiligten eine neue Herausforderung und f\u00fchrt zu Ver\u00e4nderungen im intrapsychischen, interpersonellen und psychosozialen Bereich beider Elternteile. Mitunter kann es zu psychischen Beeintr\u00e4chtigungen bei Eltern<br \/>\nund Kind kommen:<\/p>\n<ul>\n<li>Pr\u00e4natale Depression<\/li>\n<li>Postpartale Depression<\/li>\n<li>Regulationsst\u00f6rungen beim Kind, wie Schrei-, Schlaf- und F\u00fctterst\u00f6rungen<\/li>\n<li>St\u00f6rungen der Kommunikation und der Bezogenheit<\/li>\n<li>psychosomatische St\u00f6rungen<\/li>\n<\/ul>\n<p>&nbsp;<\/p>\n<div id=\"attachment_102\" style=\"width: 310px\" class=\"wp-caption alignleft\"><img loading=\"lazy\" decoding=\"async\" aria-describedby=\"caption-attachment-102\" class=\"wp-image-102 size-medium\" title=\"Copyright by Isabel Urban\" src=\"https:\/\/psychotherapie-felsberger.at\/wp-content\/uploads\/2014\/11\/Lena19-300x199.jpg\" alt=\"Vater mit Kind\" width=\"300\" height=\"199\" srcset=\"https:\/\/psychotherapie-felsberger.at\/wp-content\/uploads\/2014\/11\/Lena19-300x199.jpg 300w, https:\/\/psychotherapie-felsberger.at\/wp-content\/uploads\/2014\/11\/Lena19-1024x682.jpg 1024w\" sizes=\"auto, (max-width: 300px) 100vw, 300px\" \/><p id=\"caption-attachment-102\" class=\"wp-caption-text\">Copyright by Isabel Urban<\/p><\/div>\n<p>Ziele der Eltern-S\u00e4uglings-Psychotherapie sind<\/p>\n<ul>\n<li>die F\u00f6rderung eines positiven Bindungsverhaltens zwischen Baby und Eltern<\/li>\n<li>das Einf\u00fchlen in die emotionale Erlebniswelt des Babys f\u00f6rdern &#8211; das Baby mentalisieren lernen!<\/li>\n<li>die emotionale Regulation des Kindes unterst\u00fctzen<\/li>\n<li>eine f\u00f6rdernde Umwelt gestalten<\/li>\n<li>die F\u00f6rderung der kindlichen Entwicklungsschritte<\/li>\n<\/ul>\n<p>Das Behandlungskonzept folgt der Methode der psychoanalytischen Eltern-S\u00e4uglings-Psychotherapie (Tessa Baradon) und der mentalisierungsbasierten Psychotherapie (Fonagy &amp; Bateman).<\/p>\n<p>&nbsp;<\/p>\n","protected":false},"excerpt":{"rendered":"<p>Eltern-S\u00e4uglings-Psychotherapie Die Zeit vor und nach der Geburt eines Kindes bedeutet f\u00fcr alle Beteiligten eine neue Herausforderung und f\u00fchrt zu Ver\u00e4nderungen im intrapsychischen, interpersonellen und psychosozialen Bereich beider Elternteile. Mitunter kann es zu psychischen Beeintr\u00e4chtigungen bei Eltern und Kind kommen: Pr\u00e4natale Depression Postpartale Depression Regulationsst\u00f6rungen beim Kind, wie Schrei-, Schlaf- und F\u00fctterst\u00f6rungen St\u00f6rungen der Kommunikation [&hellip;]<\/p>\n","protected":false},"author":1,"featured_media":0,"parent":9,"menu_order":0,"comment_status":"open","ping_status":"closed","template":"","meta":{"footnotes":""},"class_list":["post-86","page","type-page","status-publish","hentry"],"_links":{"self":[{"href":"https:\/\/psychotherapie-felsberger.at\/index.php?rest_route=\/wp\/v2\/pages\/86","targetHints":{"allow":["GET"]}}],"collection":[{"href":"https:\/\/psychotherapie-felsberger.at\/index.php?rest_route=\/wp\/v2\/pages"}],"about":[{"href":"https:\/\/psychotherapie-felsberger.at\/index.php?rest_route=\/wp\/v2\/types\/page"}],"author":[{"embeddable":true,"href":"https:\/\/psychotherapie-felsberger.at\/index.php?rest_route=\/wp\/v2\/users\/1"}],"replies":[{"embeddable":true,"href":"https:\/\/psychotherapie-felsberger.at\/index.php?rest_route=%2Fwp%2Fv2%2Fcomments&post=86"}],"version-history":[{"count":13,"href":"https:\/\/psychotherapie-felsberger.at\/index.php?rest_route=\/wp\/v2\/pages\/86\/revisions"}],"predecessor-version":[{"id":303,"href":"https:\/\/psychotherapie-felsberger.at\/index.php?rest_route=\/wp\/v2\/pages\/86\/revisions\/303"}],"up":[{"embeddable":true,"href":"https:\/\/psychotherapie-felsberger.at\/index.php?rest_route=\/wp\/v2\/pages\/9"}],"wp:attachment":[{"href":"https:\/\/psychotherapie-felsberger.at\/index.php?rest_route=%2Fwp%2Fv2%2Fmedia&parent=86"}],"curies":[{"name":"wp","href":"https:\/\/api.w.org\/{rel}","templated":true}]}}