{"id":84,"date":"2014-11-05T17:51:48","date_gmt":"2014-11-05T15:51:48","guid":{"rendered":"http:\/\/srv1636.omansrv16.omanbros.com\/?page_id=84"},"modified":"2024-04-04T19:59:28","modified_gmt":"2024-04-04T17:59:28","slug":"gruppenpsychotherapie","status":"publish","type":"page","link":"https:\/\/psychotherapie-felsberger.at\/?page_id=84","title":{"rendered":"Gruppenpsychotherapie"},"content":{"rendered":"<h2><a href=\"https:\/\/psychotherapie-felsberger.at\/wp-content\/uploads\/2024\/04\/IMG_0424-scaled.jpeg\"><img loading=\"lazy\" decoding=\"async\" class=\"alignnone  wp-image-428\" src=\"https:\/\/psychotherapie-felsberger.at\/wp-content\/uploads\/2024\/04\/IMG_0424-225x300.jpeg\" alt=\"\" width=\"380\" height=\"507\" srcset=\"https:\/\/psychotherapie-felsberger.at\/wp-content\/uploads\/2024\/04\/IMG_0424-225x300.jpeg 225w, https:\/\/psychotherapie-felsberger.at\/wp-content\/uploads\/2024\/04\/IMG_0424-768x1024.jpeg 768w, https:\/\/psychotherapie-felsberger.at\/wp-content\/uploads\/2024\/04\/IMG_0424-1152x1536.jpeg 1152w, https:\/\/psychotherapie-felsberger.at\/wp-content\/uploads\/2024\/04\/IMG_0424-1536x2048.jpeg 1536w, https:\/\/psychotherapie-felsberger.at\/wp-content\/uploads\/2024\/04\/IMG_0424-scaled.jpeg 1920w\" sizes=\"auto, (max-width: 380px) 100vw, 380px\" \/><\/a><\/h2>\n<h1>Gruppenpsychotherapie<\/h1>\n<p>In der Gruppenpsychotherapie werden Patienten in der, mit der und durch die Gruppe behandelt. Eine psychotherapeutische Gruppe besteht \u00fcblicherweise aus 5 bis 8 Teilnehmern, die sich regelm\u00e4\u00dfig einmal pro Woche zu einer 90 min\u00fctigen Sitzung treffen.<\/p>\n<p>F\u00fcr die Aufnahme in eine Therapiegruppe ist ein ausf\u00fchrliches Vorgespr\u00e4ch notwendig. Die Psychotherapeutin und alle Teilnehmer sind zur Verschwiegenheit verpflichtet. Nichts, was in der Gruppensitzung gesprochen wird, darf an Personen au\u00dferhalb der Gruppe weitergegeben werden.<\/p>\n<p>Die Teilnehmer sollen einander im privaten Leben nicht kennen und Kontakte au\u00dferhalb der Therapie vermeiden, da dadurch der freie Ausdruck von Gedanken und Gef\u00fchlen durch m\u00f6glich pers\u00f6nliche oder soziale Folgen beeintr\u00e4chtigt oder eingeschr\u00e4nkt w\u00e4re.Dies schafft bald ein Klima der Vertraulichkeit und so kann sich im freien Gespr\u00e4ch ohne Vorgabe von Themen oder Sprechreihenfolge eine f\u00fcr die Gruppe eigent\u00fcmliche Dynamik entwickeln.<\/p>\n<p>Jeder Teilnehmer bringt sozusagen, mehr oder weniger bewusst, seine eigenen Wahrnehmungs-, Denk- und Beziehungsmuster mit in die Gruppensitzung und tr\u00e4gt so zum Geschehen in der Gruppe bei. Durch die gegenseitigen Reaktionen und R\u00fcckmeldungen in der Gruppe und durch die Beobachtungen der Gruppenleiterin kann der Einzelne diese Muster im gesch\u00fctzten Rahmen der Gruppensitzung beobachten und reflektieren und neue emotionale Erfahrungen machen.<\/p>\n<p>&nbsp;<\/p>\n<h2><strong><a href=\"http:\/\/srv1636.omansrv16.omanbros.com\/wp-content\/uploads\/2014\/11\/Sesselgruppe-1.jpg\"><img loading=\"lazy\" decoding=\"async\" class=\"alignright wp-image-149 size-medium\" src=\"http:\/\/srv1636.omansrv16.omanbros.com\/wp-content\/uploads\/2014\/11\/Sesselgruppe-1-300x199.jpg\" alt=\"\" width=\"300\" height=\"199\" srcset=\"https:\/\/psychotherapie-felsberger.at\/wp-content\/uploads\/2014\/11\/Sesselgruppe-1-300x199.jpg 300w, https:\/\/psychotherapie-felsberger.at\/wp-content\/uploads\/2014\/11\/Sesselgruppe-1-1024x682.jpg 1024w\" sizes=\"auto, (max-width: 300px) 100vw, 300px\" \/><\/a><\/strong><\/h2>\n<h2><a href=\"http:\/\/www.efpp.ch\/german\/group\/dokumente\/Gruppenpsychotherapie.pdf\" target=\"_blank\" rel=\"noopener\"><strong>Wirksamkeit der Gruppenpsychotherapie<\/strong><\/a><\/h2>\n<p>Die gute Wirksamkeit von Gruppenpsychotherapie wurde in zahlreichen wissenschaftlichen Studien bekr\u00e4ftigt, z.B.:<\/p>\n<ul>\n<li>Wirksamkeitsstudie zur ambulanten gruppenpsychoanalytischen Langzeittherapie (Lorentzen 2000, 2008)<\/li>\n<li>PAGE Studie von Tschuschke et al 2007<\/li>\n<\/ul>\n<h2><a href=\"http:\/\/www.efpp.ch\/german\/group\/dokumente\/Gruppenpsychotherapie.pdf\" target=\"_blank\" rel=\"noopener\">Die Wirkfaktoren der Gruppenpsychotherapie nach Yalom<\/a><\/h2>\n<p>(Die Reihenfolge entspricht der Gewichtung durch Patienten)<\/p>\n<ul>\n<li>Interpersonales Lernen, \u201eInput\u201c (Konfrontation damit, wie man auf andere wirkt)<\/li>\n<li>Katharsis (frei \u00fcber sich reden und seine Gef\u00fchle zeigen)<\/li>\n<li>Koh\u00e4sion (Zusammenhalt in der Gruppe)<\/li>\n<li>Einsicht (Verstehen von psychodynamischen Zusammenh\u00e4ngen)<\/li>\n<li>Interpersonales Lernen, \u201eOutput\u201c (sich mit andern in Beziehung setzen)<\/li>\n<li>Existentielles Bewusstwerden (Erfassen der eigenen Begrenztheit)<\/li>\n<li>Universalit\u00e4t des Leidens (Gemeinsamkeitserfahrungen)<\/li>\n<li>Erfahren von Hoffnung<\/li>\n<li>Altruismus (Hilfe f\u00fcr andere)<\/li>\n<li>Wiederbelebung der Familie (Einsicht in die Kindheitsfamilie)<\/li>\n<li>Anleitung (Ratschl\u00e4ge)<\/li>\n<li>Identifizierung (mit andern Gruppenmitgliedern)<\/li>\n<\/ul>\n<p>Siehe: http:\/\/www.efpp.ch\/german\/group\/dokumente\/Gruppenpsychotherapie.pdf<\/p>\n<p>&nbsp;<\/p>\n","protected":false},"excerpt":{"rendered":"<p>Gruppenpsychotherapie In der Gruppenpsychotherapie werden Patienten in der, mit der und durch die Gruppe behandelt. Eine psychotherapeutische Gruppe besteht \u00fcblicherweise aus 5 bis 8 Teilnehmern, die sich regelm\u00e4\u00dfig einmal pro Woche zu einer 90 min\u00fctigen Sitzung treffen. F\u00fcr die Aufnahme in eine Therapiegruppe ist ein ausf\u00fchrliches Vorgespr\u00e4ch notwendig. Die Psychotherapeutin und alle Teilnehmer sind zur [&hellip;]<\/p>\n","protected":false},"author":1,"featured_media":0,"parent":9,"menu_order":0,"comment_status":"open","ping_status":"closed","template":"","meta":{"footnotes":""},"class_list":["post-84","page","type-page","status-publish","hentry"],"_links":{"self":[{"href":"https:\/\/psychotherapie-felsberger.at\/index.php?rest_route=\/wp\/v2\/pages\/84","targetHints":{"allow":["GET"]}}],"collection":[{"href":"https:\/\/psychotherapie-felsberger.at\/index.php?rest_route=\/wp\/v2\/pages"}],"about":[{"href":"https:\/\/psychotherapie-felsberger.at\/index.php?rest_route=\/wp\/v2\/types\/page"}],"author":[{"embeddable":true,"href":"https:\/\/psychotherapie-felsberger.at\/index.php?rest_route=\/wp\/v2\/users\/1"}],"replies":[{"embeddable":true,"href":"https:\/\/psychotherapie-felsberger.at\/index.php?rest_route=%2Fwp%2Fv2%2Fcomments&post=84"}],"version-history":[{"count":18,"href":"https:\/\/psychotherapie-felsberger.at\/index.php?rest_route=\/wp\/v2\/pages\/84\/revisions"}],"predecessor-version":[{"id":429,"href":"https:\/\/psychotherapie-felsberger.at\/index.php?rest_route=\/wp\/v2\/pages\/84\/revisions\/429"}],"up":[{"embeddable":true,"href":"https:\/\/psychotherapie-felsberger.at\/index.php?rest_route=\/wp\/v2\/pages\/9"}],"wp:attachment":[{"href":"https:\/\/psychotherapie-felsberger.at\/index.php?rest_route=%2Fwp%2Fv2%2Fmedia&parent=84"}],"curies":[{"name":"wp","href":"https:\/\/api.w.org\/{rel}","templated":true}]}}