{"id":57,"date":"2014-10-22T11:33:32","date_gmt":"2014-10-22T09:33:32","guid":{"rendered":"http:\/\/srv1636.omansrv16.omanbros.com\/?page_id=57"},"modified":"2022-05-03T15:24:24","modified_gmt":"2022-05-03T13:24:24","slug":"klinische-und-gesundheitspsychologie","status":"publish","type":"page","link":"https:\/\/psychotherapie-felsberger.at\/?page_id=57","title":{"rendered":"Mentalisierungsbasierte Psychotherapie"},"content":{"rendered":"<h1>Mentalisierungsbasierte Psychotherapie<\/h1>\n<p>Die Mentalisierungsbasierte Psychotherapie (MBT) wurde von der Forschergruppe um Peter Fonagy, Anthony Bateman und Mary Target (Anna-Freud-Centre University College London) entwickelt und hilft besonders Menschen mit schweren psychischen Erkrankungen wie Borderline- und anderen Pers\u00f6nlichkeitsst\u00f6rung, Traumafolgest\u00f6rungen, schweren Depressionen, psychosomatischen Erkrankungen, Essst\u00f6rungen und psychotischen Erkrankungen.<\/p>\n<p>Es soll in der MBT vor allem die F\u00e4higkeit gef\u00f6rdert werden, eigenes Erleben sowie das Erleben Anderer im Kontext der Beziehung zu erkennen und zu verstehen. Es wird daran gearbeitet, in der Beziehung auftauchende Emotionen zu identifizieren, auf ihre Entstehung hin zu untersuchen und zuzuordnen und in der Folge in ihrer Intensit\u00e4t zu regulieren. Dies erweitert das Verm\u00f6gen und die Bereitschaft sich in Beziehungen und sozialen Kontexten neugieriger, offener und sicherer zu bewegen und f\u00f6rdert die Resilienz.<\/p>\n<p>Die Wirksamkeit der MBT wurde sowohl als ambulante wie auch teilstation\u00e4re Behandlung im Einzel- und Gruppensetting wissenschaftlich best\u00e4tigt.<\/p>\n","protected":false},"excerpt":{"rendered":"<p>Mentalisierungsbasierte Psychotherapie Die Mentalisierungsbasierte Psychotherapie (MBT) wurde von der Forschergruppe um Peter Fonagy, Anthony Bateman und Mary Target (Anna-Freud-Centre University College London) entwickelt und hilft besonders Menschen mit schweren psychischen Erkrankungen wie Borderline- und anderen Pers\u00f6nlichkeitsst\u00f6rung, Traumafolgest\u00f6rungen, schweren Depressionen, psychosomatischen Erkrankungen, Essst\u00f6rungen und psychotischen Erkrankungen. Es soll in der MBT vor allem die F\u00e4higkeit gef\u00f6rdert [&hellip;]<\/p>\n","protected":false},"author":2,"featured_media":0,"parent":0,"menu_order":0,"comment_status":"open","ping_status":"closed","template":"","meta":{"footnotes":""},"class_list":["post-57","page","type-page","status-publish","hentry"],"_links":{"self":[{"href":"https:\/\/psychotherapie-felsberger.at\/index.php?rest_route=\/wp\/v2\/pages\/57","targetHints":{"allow":["GET"]}}],"collection":[{"href":"https:\/\/psychotherapie-felsberger.at\/index.php?rest_route=\/wp\/v2\/pages"}],"about":[{"href":"https:\/\/psychotherapie-felsberger.at\/index.php?rest_route=\/wp\/v2\/types\/page"}],"author":[{"embeddable":true,"href":"https:\/\/psychotherapie-felsberger.at\/index.php?rest_route=\/wp\/v2\/users\/2"}],"replies":[{"embeddable":true,"href":"https:\/\/psychotherapie-felsberger.at\/index.php?rest_route=%2Fwp%2Fv2%2Fcomments&post=57"}],"version-history":[{"count":7,"href":"https:\/\/psychotherapie-felsberger.at\/index.php?rest_route=\/wp\/v2\/pages\/57\/revisions"}],"predecessor-version":[{"id":327,"href":"https:\/\/psychotherapie-felsberger.at\/index.php?rest_route=\/wp\/v2\/pages\/57\/revisions\/327"}],"wp:attachment":[{"href":"https:\/\/psychotherapie-felsberger.at\/index.php?rest_route=%2Fwp%2Fv2%2Fmedia&parent=57"}],"curies":[{"name":"wp","href":"https:\/\/api.w.org\/{rel}","templated":true}]}}