{"id":330,"date":"2022-05-03T15:27:17","date_gmt":"2022-05-03T13:27:17","guid":{"rendered":"https:\/\/psychotherapie-felsberger.at\/?page_id=330"},"modified":"2024-03-14T17:36:54","modified_gmt":"2024-03-14T15:36:54","slug":"traumafolgestoerungen","status":"publish","type":"page","link":"https:\/\/psychotherapie-felsberger.at\/?page_id=330","title":{"rendered":"bei Traumafolgest\u00f6rungen"},"content":{"rendered":"<h2><b>Mentalisieren bei Traumafolgest\u00f6rungen<\/b><\/h2>\n<p>Wenn Sie in ihrer fr\u00fchen Kindheit oder auch im sp\u00e4teren Verlauf ihres Lebens ungen\u00fcgende haltende oder bedrohliche Beziehungserfahrungen (wie etwa Misshandlungen oder Missbrauch) erlebt haben, so ben\u00f6tigen Sie Therapieangebote, die ihnen sowohl \u00e4u\u00dferlich als auch innerlich Sicherheit vermitteln.<\/p>\n<p>Im mentalisierungsbasierten Ansatz wird daran gearbeitet, ung\u00fcnstige oder misslingende Selbst- und Beziehungsregulation im Hier und Jetzt des gesch\u00fctzten Rahmens der therapeutischen Beziehungen zu verstehen. Eigene Beziehungen sollen selbstf\u00fcrsorglicher gestaltet werden k\u00f6nnen, wo auch besser auf die eigenen Grenzen geachtet werden kann.<\/p>\n","protected":false},"excerpt":{"rendered":"<p>Mentalisieren bei Traumafolgest\u00f6rungen Wenn Sie in ihrer fr\u00fchen Kindheit oder auch im sp\u00e4teren Verlauf ihres Lebens ungen\u00fcgende haltende oder bedrohliche Beziehungserfahrungen (wie etwa Misshandlungen oder Missbrauch) erlebt haben, so ben\u00f6tigen Sie Therapieangebote, die ihnen sowohl \u00e4u\u00dferlich als auch innerlich Sicherheit vermitteln. Im mentalisierungsbasierten Ansatz wird daran gearbeitet, ung\u00fcnstige oder misslingende Selbst- und Beziehungsregulation im Hier [&hellip;]<\/p>\n","protected":false},"author":1,"featured_media":0,"parent":0,"menu_order":0,"comment_status":"closed","ping_status":"closed","template":"","meta":{"footnotes":""},"class_list":["post-330","page","type-page","status-publish","hentry"],"_links":{"self":[{"href":"https:\/\/psychotherapie-felsberger.at\/index.php?rest_route=\/wp\/v2\/pages\/330","targetHints":{"allow":["GET"]}}],"collection":[{"href":"https:\/\/psychotherapie-felsberger.at\/index.php?rest_route=\/wp\/v2\/pages"}],"about":[{"href":"https:\/\/psychotherapie-felsberger.at\/index.php?rest_route=\/wp\/v2\/types\/page"}],"author":[{"embeddable":true,"href":"https:\/\/psychotherapie-felsberger.at\/index.php?rest_route=\/wp\/v2\/users\/1"}],"replies":[{"embeddable":true,"href":"https:\/\/psychotherapie-felsberger.at\/index.php?rest_route=%2Fwp%2Fv2%2Fcomments&post=330"}],"version-history":[{"count":6,"href":"https:\/\/psychotherapie-felsberger.at\/index.php?rest_route=\/wp\/v2\/pages\/330\/revisions"}],"predecessor-version":[{"id":419,"href":"https:\/\/psychotherapie-felsberger.at\/index.php?rest_route=\/wp\/v2\/pages\/330\/revisions\/419"}],"wp:attachment":[{"href":"https:\/\/psychotherapie-felsberger.at\/index.php?rest_route=%2Fwp%2Fv2%2Fmedia&parent=330"}],"curies":[{"name":"wp","href":"https:\/\/api.w.org\/{rel}","templated":true}]}}