{"id":328,"date":"2022-05-03T15:27:06","date_gmt":"2022-05-03T13:27:06","guid":{"rendered":"https:\/\/psychotherapie-felsberger.at\/?page_id=328"},"modified":"2024-06-21T10:22:47","modified_gmt":"2024-06-21T08:22:47","slug":"borderline-und-andere-persoenlichkeitsstoerungen","status":"publish","type":"page","link":"https:\/\/psychotherapie-felsberger.at\/?page_id=328","title":{"rendered":"bei Borderline- und andere Pers\u00f6nlichkeitsst\u00f6rungen"},"content":{"rendered":"<p>Aus der Sicht des Mentalisierungskonzepts ist die Borderline-Pers\u00f6nlichkeitsst\u00f6rung ist eine psychische Erkrankung, deren Kernsymptome Emotionsregulationsst\u00f6rungen, Impulsivit\u00e4t, Identit\u00e4tsst\u00f6rung und selbstverletzendes Verhalten sind. Menschen mit Borderline Pers\u00f6nlichkeitsst\u00f6rungen (BPS) haben oft zwischenmenschliche Probleme und Schwierigkeiten in bedeutsamen Beziehungen N\u00e4he und Distanz zu regulieren. In der Folge ihrer Bindungsunsicherheit schwankt auch die F\u00e4higkeit zu mentalisieren oder bricht unverhofft ein. Es f\u00e4llt Betroffenen in solchen Situationen schwer, das eigene Verhalten und das Verhalten anderer als Folge innerer Zust\u00e4nde (Emotionen, Gedanken, Erwartungen,\u2026) zu verstehen und die eigenen Emotionen zu identifizieren, zu regulieren und zu artikulieren.<span class=\"Apple-converted-space\">\u00a0<\/span><\/p>\n<p>Eine wesentliche Ursache dieser Probleme liegt in fr\u00fchen Beziehungserfahrungen, insbesondere einer unsicheren Bindung zu den Eltern oder prim\u00e4ren Bezugspersonen. Wenn zum Beispiel das Kind nicht als Individuum mit seinem eigenen Erleben wahrgenommen wird und ihm statt dessen die inneren Zust\u00e4nde (\u00c4ngste, Wut, \u2026) oder bestimmte Absichten der Elternperson zugeschrieben werden, untergr\u00e4bt dies die Entwicklung der Mentalisierungsf\u00e4higkeiten des Kindes. Dadurch erh\u00f6ht sich das Risiko im sp\u00e4teren Leben eine psychische Erkrankung wie etwa eine Borderline-Pers\u00f6nlichkeitsst\u00f6rung zu entwickeln.<\/p>\n<p>Durch spezielle therapeutische Ans\u00e4tze, wie die der Mentalisierungsbasierten Therapie (MBT), wird versucht, diese F\u00e4higkeit zum Mentalisieren zu st\u00e4rken und so die Symptome der BPS zu lindern. Die mentalisierungsbasierte Psychotherapie will \u00fcber eine Reifung und F\u00f6rderung des Mentalisierens intrapsychische und interpersonelle Ver\u00e4nderungen bewirken. In der Mentalisierungsbasierten Psychoterapie steht eine nicht-wissende, anerkennende aber auch herausfordernde Haltung sowie prozess- und affektfokussierte Fragetechniken im Vordergrund.<span class=\"Apple-converted-space\">\u00a0<\/span><\/p>\n","protected":false},"excerpt":{"rendered":"<p>Aus der Sicht des Mentalisierungskonzepts ist die Borderline-Pers\u00f6nlichkeitsst\u00f6rung ist eine psychische Erkrankung, deren Kernsymptome Emotionsregulationsst\u00f6rungen, Impulsivit\u00e4t, Identit\u00e4tsst\u00f6rung und selbstverletzendes Verhalten sind. Menschen mit Borderline Pers\u00f6nlichkeitsst\u00f6rungen (BPS) haben oft zwischenmenschliche Probleme und Schwierigkeiten in bedeutsamen Beziehungen N\u00e4he und Distanz zu regulieren. In der Folge ihrer Bindungsunsicherheit schwankt auch die F\u00e4higkeit zu mentalisieren oder bricht unverhofft ein. [&hellip;]<\/p>\n","protected":false},"author":1,"featured_media":0,"parent":0,"menu_order":0,"comment_status":"closed","ping_status":"closed","template":"","meta":{"footnotes":""},"class_list":["post-328","page","type-page","status-publish","hentry"],"_links":{"self":[{"href":"https:\/\/psychotherapie-felsberger.at\/index.php?rest_route=\/wp\/v2\/pages\/328","targetHints":{"allow":["GET"]}}],"collection":[{"href":"https:\/\/psychotherapie-felsberger.at\/index.php?rest_route=\/wp\/v2\/pages"}],"about":[{"href":"https:\/\/psychotherapie-felsberger.at\/index.php?rest_route=\/wp\/v2\/types\/page"}],"author":[{"embeddable":true,"href":"https:\/\/psychotherapie-felsberger.at\/index.php?rest_route=\/wp\/v2\/users\/1"}],"replies":[{"embeddable":true,"href":"https:\/\/psychotherapie-felsberger.at\/index.php?rest_route=%2Fwp%2Fv2%2Fcomments&post=328"}],"version-history":[{"count":5,"href":"https:\/\/psychotherapie-felsberger.at\/index.php?rest_route=\/wp\/v2\/pages\/328\/revisions"}],"predecessor-version":[{"id":436,"href":"https:\/\/psychotherapie-felsberger.at\/index.php?rest_route=\/wp\/v2\/pages\/328\/revisions\/436"}],"wp:attachment":[{"href":"https:\/\/psychotherapie-felsberger.at\/index.php?rest_route=%2Fwp%2Fv2%2Fmedia&parent=328"}],"curies":[{"name":"wp","href":"https:\/\/api.w.org\/{rel}","templated":true}]}}