{"id":164,"date":"2014-11-07T17:38:38","date_gmt":"2014-11-07T15:38:38","guid":{"rendered":"http:\/\/srv1636.omansrv16.omanbros.com\/?page_id=164"},"modified":"2024-03-08T14:17:43","modified_gmt":"2024-03-08T12:17:43","slug":"publikationen","status":"publish","type":"page","link":"https:\/\/psychotherapie-felsberger.at\/?page_id=164","title":{"rendered":"Publikationen"},"content":{"rendered":"<h1>Publikationen<\/h1>\n<ul>\n<li>Felsberger, H. (2024). Improvised vocality of verbal communication in groups: A contribution to the conceptualization of the tripartite matrix in group analysis. In: Hopper, E. (Hrsg.) (2024). The Tripartite Matrix in the Developing Theory and Expanding Practice of Group Analysis. The Social Unconscious in Persons, Groups, and Societies: volume 4. London &amp; New York: Routledge.<\/li>\n<li>Felsberger, H. (2022). Das Mentalisieren des K\u00f6rpers braucht den Gegenwartsmoment der Gruppe. Gruppenpsychotherapie und Gruppendynamik. G\u00f6ttingen: Vandenhoeck &amp; Ruprecht. (Vol. 58, No. 3) pp.235-244.<\/li>\n<li>Felsberger H. (2022): Gruppenanalytische Psychotherapie im Lichte des Mentalisierungsmodells. In: Dietrich, G. &amp; Fossel, F. (Ed.) (2022): Gruppenpsychoanalyse. Theorie, Geschichte und Praxisfelder der gruppenanalytischen Methode. Wien: facultas.<\/li>\n<li>Felsberger H. (2020): Book Review \u2013 \u201eJoksimovic, L., Bergstein, V. Rademacher, J. (2019). Mentalisierungsbasierte Psychotherapie und Beratung von Gefl\u00fcchteten. Grundlagen und Interventionen f\u00fcr die Praxis. Stuttgart: Kohlhammer.\u201c Gruppenpsychotherapie und Gruppendynamik. G\u00f6ttingen: Vandenhoeck &amp; Ruprecht. (Vol. 56\/1) pp. 92-95.<\/li>\n<li>Felsberger H. (2019): \u201cFamilies and Friends group: a group that straddles teaching, support and transformation\u201d by Radcliff and Cilasun \u2013 a response. Journal of Group Analysis 52 (3): 384-388.<\/li>\n<li>Felsberger H. (2018): Mentalisierungsbasierte Gruppenpsychotherapie in der Psychosenbehandlung. In: Nowack N. (Hg.) (2018): Psychodynamische Psychosen-Psychotherapie und sozialpsychiatrische Behandlung der Psychosen. Gie\u00dfen: Psychosozial-Verlag.<\/li>\n<li>Felsberger H. (2017): Vokale Matrix und Gruppenbindung \u2013 wie H\u00f6ren und Sprechen in der Gruppe mentalisierte Affektivit\u00e4t und epistemisches Vertrauen erm\u00f6glichen. Gruppenpsychotherapie und Gruppendynamik.G\u00f6ttingen: Vandenhoeck &amp; Ruprecht. (Vol. 53\/3) pp. 188-225.<\/li>\n<li>Schultz-Venrath U. &amp; Felsberger H. (2016): Mentalisieren in Gruppen: <span class=\"reference-text\"><cite>Mentalisieren in Klinik und Praxis<\/cite>. Stuttgart: Klett-Cotta.<\/span><\/li>\n<li>Felsberger H. (2015): Rezension zu Dieter Sandner (2013). Die Gruppe und das Unbewusste. Berlin: Springer. In: Feedback 1&amp;2\/15, S.87-89.<\/li>\n<li>Felsberger H. (2014): Mentalisierungsbasierte Psychotherapie als intersubjektives Verfahren. In: Potthoff P.\/Wollnik S. (Hg.) ( 2014): Die Begegnung der Subjekte. Die intersubjektiv-relationale Perspektive in Psychoanalyse und Psychotherapie. Gie\u00dfen: Psychosozial-Verlag.<\/li>\n<li>Sachs G. &amp; Felsberger H. (2013) Mentalisierungsbasierte Psychotherapie bei schizophrenen Psychosen. Psychotherapeut. Berlin, Heidelberg: Springer-Verlag . (4) S.339-343<\/li>\n<\/ul>\n<p><strong>\u00a0<\/strong><\/p>\n<p><strong>Zeitschriften<\/strong><\/p>\n<p>Seit 2015 Mitherausgeberin der Zeitschrift &#8222;Gruppenpsychotherapie und Gruppendynamik. Zeitschrift f\u00fcr Theorie und Praxis der Gruppenanalyse&#8220;. G\u00f6ttingen: Vandenhoeck &amp; Ruprecht.<\/p>\n<p>2009-2015 Mitherausgeberin des Zeitschrift &#8222;\u00d6sterreichisches Jahrbuch f\u00fcr Gruppenanalyse&#8220;. Wien: facultas<\/p>\n<p>&nbsp;<\/p>\n<p>&nbsp;<\/p>\n<p>&nbsp;<\/p>\n","protected":false},"excerpt":{"rendered":"<p>Publikationen Felsberger, H. (2024). Improvised vocality of verbal communication in groups: A contribution to the conceptualization of the tripartite matrix in group analysis. In: Hopper, E. (Hrsg.) (2024). The Tripartite Matrix in the Developing Theory and Expanding Practice of Group Analysis. The Social Unconscious in Persons, Groups, and Societies: volume 4. London &amp; New York: [&hellip;]<\/p>\n","protected":false},"author":1,"featured_media":0,"parent":0,"menu_order":0,"comment_status":"open","ping_status":"closed","template":"","meta":{"footnotes":""},"class_list":["post-164","page","type-page","status-publish","hentry"],"_links":{"self":[{"href":"https:\/\/psychotherapie-felsberger.at\/index.php?rest_route=\/wp\/v2\/pages\/164","targetHints":{"allow":["GET"]}}],"collection":[{"href":"https:\/\/psychotherapie-felsberger.at\/index.php?rest_route=\/wp\/v2\/pages"}],"about":[{"href":"https:\/\/psychotherapie-felsberger.at\/index.php?rest_route=\/wp\/v2\/types\/page"}],"author":[{"embeddable":true,"href":"https:\/\/psychotherapie-felsberger.at\/index.php?rest_route=\/wp\/v2\/users\/1"}],"replies":[{"embeddable":true,"href":"https:\/\/psychotherapie-felsberger.at\/index.php?rest_route=%2Fwp%2Fv2%2Fcomments&post=164"}],"version-history":[{"count":15,"href":"https:\/\/psychotherapie-felsberger.at\/index.php?rest_route=\/wp\/v2\/pages\/164\/revisions"}],"predecessor-version":[{"id":353,"href":"https:\/\/psychotherapie-felsberger.at\/index.php?rest_route=\/wp\/v2\/pages\/164\/revisions\/353"}],"wp:attachment":[{"href":"https:\/\/psychotherapie-felsberger.at\/index.php?rest_route=%2Fwp%2Fv2%2Fmedia&parent=164"}],"curies":[{"name":"wp","href":"https:\/\/api.w.org\/{rel}","templated":true}]}}