{"id":11,"date":"2014-09-26T13:39:04","date_gmt":"2014-09-26T11:39:04","guid":{"rendered":"http:\/\/srv1636.omansrv16.omanbros.com\/?page_id=11"},"modified":"2019-11-26T18:00:57","modified_gmt":"2019-11-26T16:00:57","slug":"supervision","status":"publish","type":"page","link":"https:\/\/psychotherapie-felsberger.at\/?page_id=11","title":{"rendered":"Supervision"},"content":{"rendered":"<h1>Supervision<\/h1>\n<div id=\"attachment_149\" style=\"width: 310px\" class=\"wp-caption alignleft\"><a href=\"\/wp-content\/uploads\/2014\/11\/Sesselgruppe-1.jpg\"><img loading=\"lazy\" decoding=\"async\" aria-describedby=\"caption-attachment-149\" class=\"wp-image-149 size-medium\" src=\"https:\/\/psychotherapie-felsberger.at\/wp-content\/uploads\/2014\/11\/Sesselgruppe-1-300x199.jpg\" alt=\"Copyright by Isabel Urban\" width=\"300\" height=\"199\" srcset=\"https:\/\/psychotherapie-felsberger.at\/wp-content\/uploads\/2014\/11\/Sesselgruppe-1-300x199.jpg 300w, https:\/\/psychotherapie-felsberger.at\/wp-content\/uploads\/2014\/11\/Sesselgruppe-1-1024x682.jpg 1024w\" sizes=\"auto, (max-width: 300px) 100vw, 300px\" \/><\/a><p id=\"caption-attachment-149\" class=\"wp-caption-text\">Copyright by Isabel Urban<\/p><\/div>\n<p>Ich biete Supervision f\u00fcr Einzelpersonen, Gruppen oder Teams, die im p\u00e4dagogischen<br \/>\noder psychosozialen Bereich t\u00e4tig sind.<\/p>\n","protected":false},"excerpt":{"rendered":"<p>Supervision Ich biete Supervision f\u00fcr Einzelpersonen, Gruppen oder Teams, die im p\u00e4dagogischen oder psychosozialen Bereich t\u00e4tig sind.<\/p>\n","protected":false},"author":1,"featured_media":0,"parent":0,"menu_order":30,"comment_status":"open","ping_status":"closed","template":"","meta":{"footnotes":""},"class_list":["post-11","page","type-page","status-publish","hentry"],"_links":{"self":[{"href":"https:\/\/psychotherapie-felsberger.at\/index.php?rest_route=\/wp\/v2\/pages\/11","targetHints":{"allow":["GET"]}}],"collection":[{"href":"https:\/\/psychotherapie-felsberger.at\/index.php?rest_route=\/wp\/v2\/pages"}],"about":[{"href":"https:\/\/psychotherapie-felsberger.at\/index.php?rest_route=\/wp\/v2\/types\/page"}],"author":[{"embeddable":true,"href":"https:\/\/psychotherapie-felsberger.at\/index.php?rest_route=\/wp\/v2\/users\/1"}],"replies":[{"embeddable":true,"href":"https:\/\/psychotherapie-felsberger.at\/index.php?rest_route=%2Fwp%2Fv2%2Fcomments&post=11"}],"version-history":[{"count":5,"href":"https:\/\/psychotherapie-felsberger.at\/index.php?rest_route=\/wp\/v2\/pages\/11\/revisions"}],"predecessor-version":[{"id":306,"href":"https:\/\/psychotherapie-felsberger.at\/index.php?rest_route=\/wp\/v2\/pages\/11\/revisions\/306"}],"wp:attachment":[{"href":"https:\/\/psychotherapie-felsberger.at\/index.php?rest_route=%2Fwp%2Fv2%2Fmedia&parent=11"}],"curies":[{"name":"wp","href":"https:\/\/api.w.org\/{rel}","templated":true}]}}